
{"id":29,"date":"2016-10-23T10:02:45","date_gmt":"2016-10-23T08:02:45","guid":{"rendered":"http:\/\/rv17.no\/prosjekter\/kleivacamping\/?page_id=29"},"modified":"2022-03-17T14:57:35","modified_gmt":"2022-03-17T13:57:35","slug":"overnatting-camping","status":"publish","type":"page","link":"https:\/\/www.kleivacamping.no\/index.php\/overnatting-camping\/","title":{"rendered":"Overnatting \/ camping"},"content":{"rendered":"\n\n\t<p><strong>Kleiva camping tilbyr hytter med plass fra 2 til 6 personer, og oppstillingsplass for campingvogner, bobiler og teltplasser. Campingplassen ligger i naturskj\u00f8nne og barnevennlige omgivelser.<\/strong><\/p>\n<h3>Hytter<\/h3>\n<p>Kleiva tilbyr 3 store hytter med bad og sengeplass for 5-8 personer. Petra har to soverom, men ikke hems og plass til 5 personer. Pernille har to soverom + hems og plass til 6 personer. Huset Martha har tre soverom og plass til 6\u00a0personer. Kleiva tilbyr ogs\u00e5 to enkle og rimelige hytter for 2 personer.<\/p>\n<h3>Senget\u00f8y og vask<\/h3>\n<p>Selvhushold (sengesett og h\u00e5ndduker kan leies til NOK 70\/30,- {sum NOK 100,-} per sett). Ekstra for vasking av hyttene ved avreise NOK 150\/300,-<\/p>\n<h3>Bobilplasser \/ Telt<\/h3>\nVi kan tilby 19 vognplasser med str\u00f8m. \u00a0Nytt Sanit\u00e6rbygg &#8211; med kj\u00f8kken og innend\u00f8rs spiseplasser. Oppstillingsplasser for vogner og bobil til NOK 200 eksl. str\u00f8m<br \/>\nNOK 250,- inkl. str\u00f8m plass nr 1-13.\nKomfortplasser ved sj\u00f8kanten NOK 350,- inkl. str\u00f8m plass nr 14-17<br \/>\nFri dusj og vask.\n<p><strong>Book overnatting online:<\/strong><\/p>\n\t\t\t<a href=\"http:\/\/kleiva.bookcentralnorway.no\/\" target=\"_blank\" role=\"button\" rel=\"noopener\">\n\t\t\t\t\t\tBook online\n\t\t\t\t\t<\/a>\n\t<p><em>(\u00e5pnes i eget vindu)<\/em><\/p>\n\n","protected":false},"excerpt":{"rendered":"<p>Kleiva camping tilbyr hytter med plass fra 2 til 6 personer, og oppstillingsplass for campingvogner, bobiler og teltplasser. Campingplassen ligger i naturskj\u00f8nne og barnevennlige omgivelser.<\/p>\n","protected":false},"author":1,"featured_media":31,"parent":0,"menu_order":0,"comment_status":"closed","ping_status":"closed","template":"page_temaside3.php","meta":{"footnotes":""},"class_list":["post-29","page","type-page","status-publish","has-post-thumbnail","hentry"],"aioseo_notices":[],"_links":{"self":[{"href":"https:\/\/www.kleivacamping.no\/index.php\/wp-json\/wp\/v2\/pages\/29","targetHints":{"allow":["GET"]}}],"collection":[{"href":"https:\/\/www.kleivacamping.no\/index.php\/wp-json\/wp\/v2\/pages"}],"about":[{"href":"https:\/\/www.kleivacamping.no\/index.php\/wp-json\/wp\/v2\/types\/page"}],"author":[{"embeddable":true,"href":"https:\/\/www.kleivacamping.no\/index.php\/wp-json\/wp\/v2\/users\/1"}],"replies":[{"embeddable":true,"href":"https:\/\/www.kleivacamping.no\/index.php\/wp-json\/wp\/v2\/comments?post=29"}],"version-history":[{"count":14,"href":"https:\/\/www.kleivacamping.no\/index.php\/wp-json\/wp\/v2\/pages\/29\/revisions"}],"predecessor-version":[{"id":264,"href":"https:\/\/www.kleivacamping.no\/index.php\/wp-json\/wp\/v2\/pages\/29\/revisions\/264"}],"wp:featuredmedia":[{"embeddable":true,"href":"https:\/\/www.kleivacamping.no\/index.php\/wp-json\/wp\/v2\/media\/31"}],"wp:attachment":[{"href":"https:\/\/www.kleivacamping.no\/index.php\/wp-json\/wp\/v2\/media?parent=29"}],"curies":[{"name":"wp","href":"https:\/\/api.w.org\/{rel}","templated":true}]}}