
{"id":35,"date":"2016-10-23T10:24:23","date_gmt":"2016-10-23T08:24:23","guid":{"rendered":"http:\/\/rv17.no\/prosjekter\/kleivacamping\/?page_id=35"},"modified":"2022-01-11T11:52:48","modified_gmt":"2022-01-11T10:52:48","slug":"priser-og-booking","status":"publish","type":"page","link":"https:\/\/www.kleivacamping.no\/index.php\/priser-og-booking\/","title":{"rendered":"Priser og booking"},"content":{"rendered":"\n\n\t<h3>Book overnatting<\/h3>\n<p><strong>S\u00f8k p\u00e5 dato og se hva som er ledig hos oss. Online betaling.<\/strong><\/p>\n\t\t\t<a href=\"https:\/\/kleiva.bookcentralnorway.no\/no\/overnatting\" target=\"_blank\" role=\"button\" rel=\"noopener\">\n\t\t\t\t\t\tOnline booking\n\t\t\t\t\t<\/a>\n\t<p><em>(\u00e5pnes i eget booking)<\/em><\/p>\n\n","protected":false},"excerpt":{"rendered":"<p>Book overnatting S\u00f8k p\u00e5 dato og se hva som er ledig hos oss. Online betaling. Online booking (\u00e5pnes i eget booking)<\/p>\n","protected":false},"author":1,"featured_media":0,"parent":0,"menu_order":0,"comment_status":"closed","ping_status":"closed","template":"page_temaside1.php","meta":{"footnotes":""},"class_list":["post-35","page","type-page","status-publish","hentry"],"aioseo_notices":[],"_links":{"self":[{"href":"https:\/\/www.kleivacamping.no\/index.php\/wp-json\/wp\/v2\/pages\/35","targetHints":{"allow":["GET"]}}],"collection":[{"href":"https:\/\/www.kleivacamping.no\/index.php\/wp-json\/wp\/v2\/pages"}],"about":[{"href":"https:\/\/www.kleivacamping.no\/index.php\/wp-json\/wp\/v2\/types\/page"}],"author":[{"embeddable":true,"href":"https:\/\/www.kleivacamping.no\/index.php\/wp-json\/wp\/v2\/users\/1"}],"replies":[{"embeddable":true,"href":"https:\/\/www.kleivacamping.no\/index.php\/wp-json\/wp\/v2\/comments?post=35"}],"version-history":[{"count":7,"href":"https:\/\/www.kleivacamping.no\/index.php\/wp-json\/wp\/v2\/pages\/35\/revisions"}],"predecessor-version":[{"id":262,"href":"https:\/\/www.kleivacamping.no\/index.php\/wp-json\/wp\/v2\/pages\/35\/revisions\/262"}],"wp:attachment":[{"href":"https:\/\/www.kleivacamping.no\/index.php\/wp-json\/wp\/v2\/media?parent=35"}],"curies":[{"name":"wp","href":"https:\/\/api.w.org\/{rel}","templated":true}]}}